{"id":9,"date":"2021-11-27T16:53:06","date_gmt":"2021-11-27T16:53:06","guid":{"rendered":"https:\/\/brimobil.de\/?page_id=9"},"modified":"2021-12-30T08:43:59","modified_gmt":"2021-12-30T08:43:59","slug":"info","status":"publish","type":"page","link":"https:\/\/brimobil.de\/","title":{"rendered":"Wir sind f\u00fcr Sie da."},"content":{"rendered":"\n<p><strong>Der Ablauf <\/strong><\/p>\n\n\n\n<p>Sie rufen uns an und vereinbaren einen Termin mit Herrn Renges, dem Augenoptikermeister. Er kommt dann zum vereinbarten Zeitpunkt zu Ihnen und \u00f6ffnet unser mobiles Gesch\u00e4ft, sprich den Kofferraum unseres Firmenwagens, entnimmt ihm die n\u00f6tigen Koffer mit Ger\u00e4ten und Brillenfassungen und bringt Alles vor Ort. Dort findet dann die Sehst\u00e4rkenmessung, Beratung, Auswahl der Brillenfassung und Preismitteilung statt. Die Sehst\u00e4rkenmessung ist auch im Liegen, oder im Rollstuhl kein Problem, da es sich um ein Handger\u00e4t handelt und auch die Messungen sehr schnell, und exakt erfolgen. Des Weiteren erfolgen sie automatisch beim Erkennen der Pupille. Nat\u00fcrlich sind Sie bis hierhin nicht zum Kauf verpflichtet. Erst, wenn Sie durch Ihre Unterschrift den Auftrag zur Fertigung Ihrer Brille erteilt haben. Nachdem wir Ihre speziellen Gl\u00e4ser bestellt und erhalten haben, werden sie in unserer Werkstatt in Ihre Fassung eingearbeitet. Sie erhalten einen Anruf von uns und es wird ein Termin zur Auslieferung und Anpassung der neuen Brille vereinbart, die Sie nat\u00fcrlich in einem Etui mit Putztuch. Sie entscheiden, ob Sie die Bezahlung per \u00dcberweisung oder in Bar vor Ort vornehmen wollen. Auch k\u00f6nnen Sie uns gerne vorab auf eine eventuelle Raten Zahlung ansprechen.<\/p>\n\n\n\n<p><strong>Wen m\u00f6chten wir mit unserem mobilen Service ansprechen?<\/strong><\/p>\n\n\n\n<p>Senioreneinrichtungen Privatpersonen- zu Hause Pflegebed\u00fcrftige Bettl\u00e4gerige Rollstuhlfahrer Patienten im Krankenhaus oder Pflegeheim Personen die abgelegen wohnen oder einfach Die, die gerne in vertrauter Umgebung in Ruhe unseren Service in Anspruch nehmen wollen, damit auch Opa und Oma, Tante und Onkel, die Kinder, die beste Freundin, oder der Partner bei der Auswahl und Beratung dabei sein k\u00f6nnen.<\/p>\n\n\n\n<p><strong>Was bieten wir?<\/strong><\/p>\n\n\n\n<p>kostenlose Hausbesuche t\u00e4glich bis 22.00 Uhr kostenlose Anfahrt Top Qualit\u00e4t zum fairen Preis gro\u00dfe Auswahl an Brillenfassungen in allen Preisklassen kostenlose Brillenglasbestimmung sofortige Servicereparaturen vor Ort individuelle Betreuung und Beratung fachgerechte L\u00f6sungen f\u00fcr alle Sehanforderungen exakte Fertigung der Brille in eigener Werkstatt Notfall-Service auch am Wochenende und an Feiertagen Ratenzahlungen bei kleinem Geldbeutel Sie zahlen nur die fertige Brille!!!!! kurz gesagt sind wir der bequeme Weg zu optimalem Sehen denn:<\/p>\n\n\n\n<p><strong>optimales Sehen ist Lebensqualit\u00e4t<\/strong><\/p>\n\n\n\n<p>und das Alles ganz ohne Zeitdruck Ein Anruf gen\u00fcgt und wir vereinbaren mit Ihnen schnellstm\u00f6glich einen Termin.<\/p>\n","protected":false},"excerpt":{"rendered":"<p>Der Ablauf Sie rufen uns an und vereinbaren einen Termin mit Herrn Renges, dem Augenoptikermeister. Er kommt dann zum vereinbarten Zeitpunkt zu Ihnen und \u00f6ffnet unser mobiles Gesch\u00e4ft, sprich den Kofferraum unseres Firmenwagens, entnimmt ihm die n\u00f6tigen Koffer mit Ger\u00e4ten und Brillenfassungen und bringt Alles vor Ort. Dort findet dann die Sehst\u00e4rkenmessung, Beratung, Auswahl der Brillenfassung und Preismitteilung statt. Die Sehst\u00e4rkenmessung ist auch im Liegen, oder im Rollstuhl kein Problem, da es sich um ein Handger\u00e4t handelt und auch die Messungen sehr schnell, und exakt erfolgen. Des Weiteren erfolgen sie automatisch beim Erkennen der Pupille. Nat\u00fcrlich sind Sie bis hierhin nicht zum Kauf verpflichtet. Erst, wenn Sie durch Ihre Unterschrift den Auftrag zur Fertigung Ihrer Brille erteilt haben. Nachdem wir Ihre speziellen Gl\u00e4ser bestellt und erhalten haben, werden sie in unserer Werkstatt in Ihre Fassung eingearbeitet. Sie erhalten einen Anruf von uns und es wird ein Termin zur Auslieferung und Anpassung der neuen Brille vereinbart, die Sie nat\u00fcrlich in einem Etui mit Putztuch. Sie entscheiden, ob Sie die Bezahlung per \u00dcberweisung oder in Bar vor Ort vornehmen wollen. Auch k\u00f6nnen Sie uns gerne vorab auf eine eventuelle Raten Zahlung ansprechen. Wen m\u00f6chten wir mit unserem mobilen Service ansprechen? Senioreneinrichtungen Privatpersonen- zu Hause Pflegebed\u00fcrftige Bettl\u00e4gerige Rollstuhlfahrer Patienten im Krankenhaus oder Pflegeheim Personen die abgelegen wohnen oder einfach Die, die gerne in vertrauter Umgebung in Ruhe unseren Service in Anspruch nehmen wollen, damit auch Opa und Oma, Tante und Onkel, die Kinder, die beste Freundin, oder der Partner bei der Auswahl und Beratung dabei sein k\u00f6nnen. Was bieten wir? kostenlose Hausbesuche t\u00e4glich bis 22.00 Uhr kostenlose Anfahrt Top Qualit\u00e4t zum fairen Preis gro\u00dfe Auswahl an Brillenfassungen in allen Preisklassen kostenlose Brillenglasbestimmung sofortige Servicereparaturen vor Ort individuelle Betreuung und Beratung fachgerechte L\u00f6sungen f\u00fcr alle Sehanforderungen exakte Fertigung der Brille in eigener Werkstatt Notfall-Service&#8230; <\/p>\n<p><a class=\"readmore\" href=\"https:\/\/brimobil.de\/\">Continue Reading<\/a><\/p>\n","protected":false},"author":1,"featured_media":0,"parent":0,"menu_order":0,"comment_status":"closed","ping_status":"closed","template":"","meta":{"footnotes":""},"class_list":["post-9","page","type-page","status-publish","hentry"],"_links":{"self":[{"href":"https:\/\/brimobil.de\/index.php?rest_route=\/wp\/v2\/pages\/9","targetHints":{"allow":["GET"]}}],"collection":[{"href":"https:\/\/brimobil.de\/index.php?rest_route=\/wp\/v2\/pages"}],"about":[{"href":"https:\/\/brimobil.de\/index.php?rest_route=\/wp\/v2\/types\/page"}],"author":[{"embeddable":true,"href":"https:\/\/brimobil.de\/index.php?rest_route=\/wp\/v2\/users\/1"}],"replies":[{"embeddable":true,"href":"https:\/\/brimobil.de\/index.php?rest_route=%2Fwp%2Fv2%2Fcomments&post=9"}],"version-history":[{"count":6,"href":"https:\/\/brimobil.de\/index.php?rest_route=\/wp\/v2\/pages\/9\/revisions"}],"predecessor-version":[{"id":45,"href":"https:\/\/brimobil.de\/index.php?rest_route=\/wp\/v2\/pages\/9\/revisions\/45"}],"wp:attachment":[{"href":"https:\/\/brimobil.de\/index.php?rest_route=%2Fwp%2Fv2%2Fmedia&parent=9"}],"curies":[{"name":"wp","href":"https:\/\/api.w.org\/{rel}","templated":true}]}}